{"id":1034,"date":"2026-03-27T09:50:22","date_gmt":"2026-03-27T08:50:22","guid":{"rendered":"https:\/\/biolitecgroup.de\/impressum\/"},"modified":"2026-04-20T14:16:46","modified_gmt":"2026-04-20T12:16:46","slug":"impressum","status":"publish","type":"page","link":"https:\/\/www.biolitecgroup.com\/de\/impressum\/","title":{"rendered":"Impressum"},"content":{"rendered":"<p>[et_pb_section fb_built=&#8220;1&#8243; custom_padding_last_edited=&#8220;on|phone&#8220; _builder_version=&#8220;4.27.5&#8243; _module_preset=&#8220;default&#8220; custom_padding=&#8220;100px||100px||false|false&#8220; custom_padding_tablet=&#8220;100px||100px||false|false&#8220; custom_padding_phone=&#8220;50px||50px||false|false&#8220; global_colors_info=&#8220;{}&#8220;][et_pb_row _builder_version=&#8220;4.27.5&#8243; _module_preset=&#8220;default&#8220; custom_padding=&#8220;0px||0px||false|false&#8220; global_colors_info=&#8220;{}&#8220;][et_pb_column type=&#8220;4_4&#8243; _builder_version=&#8220;4.27.5&#8243; _module_preset=&#8220;default&#8220; global_colors_info=&#8220;{}&#8220;][et_pb_text _builder_version=&#8220;4.27.5&#8243; _module_preset=&#8220;default&#8220; text_font=&#8220;|700||on|||||&#8220; text_text_color=&#8220;#000000&#8243; text_font_size=&#8220;22px&#8220; text_line_height=&#8220;28px&#8220; global_colors_info=&#8220;{}&#8220;]<\/p>\n<p>Impressum<span data-metadata=\"&lt;!--(figmeta)eyJmaWxlS2V5IjoiNHA1UVVtcURXYlE3ZFM5bDFVdklwMCIsInBhc3RlSUQiOjUxNTY3NjA1NiwiZGF0YVR5cGUiOiJzY2VuZSJ9Cg==(\/figmeta)--&gt;\"><\/span><\/p>\n<p>[\/et_pb_text][et_pb_text _builder_version=&#8220;4.27.5&#8243; _module_preset=&#8220;default&#8220; text_text_color=&#8220;#000000&#8243; text_font_size=&#8220;30px&#8220; text_line_height=&#8220;45px&#8220; header_2_font=&#8220;|700|||||||&#8220; header_2_text_color=&#8220;#000000&#8243; header_2_font_size=&#8220;40px&#8220; header_2_line_height=&#8220;60px&#8220; max_width=&#8220;960px&#8220; hover_enabled=&#8220;0&#8243; text_font_size_tablet=&#8220;30px&#8220; text_font_size_phone=&#8220;24px&#8220; text_font_size_last_edited=&#8220;on|phone&#8220; text_line_height_tablet=&#8220;45px&#8220; text_line_height_phone=&#8220;34px&#8220; text_line_height_last_edited=&#8220;on|phone&#8220; header_2_font_size_tablet=&#8220;40px&#8220; header_2_font_size_phone=&#8220;28px&#8220; header_2_font_size_last_edited=&#8220;on|desktop&#8220; header_2_line_height_tablet=&#8220;60px&#8220; header_2_line_height_phone=&#8220;38px&#8220; header_2_line_height_last_edited=&#8220;on|phone&#8220; global_colors_info=&#8220;{}&#8220; sticky_enabled=&#8220;0&#8243; text_font=&#8220;&#8211;et_global_body_font||||||||&#8220;]<\/p>\n<p><strong>biolitec\u00ae Holding GmbH &amp; Co KG<\/strong><br \/>Untere Viaduktgasse 6\/9<br \/>A-1030 Wien<br \/>Tel.: +43 (1) 3619 909 50<br \/>Fax: +43 (1) 3619 909 99<br \/>E-Mail:<span>\u00a0<\/span><span style=\"text-decoration: underline;\"><span style=\"color: #000000;\"><strong><a href=\"mailto:info@biolitec.de\" style=\"color: #000000; text-decoration: underline;\">info[at]biolitec.de<\/a><\/strong><\/span><\/span><br \/>Internet:<span>\u00a0<\/span><a href=\"http:\/\/www.biolitec.com\" target=\"_blank\" rel=\"noopener\"><span style=\"text-decoration: underline;\"><span style=\"color: #000000; text-decoration: underline;\"><strong>www.biolitec.com<\/strong><\/span><\/span><\/a><\/p>\n<p><strong><\/strong><strong>Vertretungsberechtigt<\/strong><br \/>Pers\u00f6nlich haftende Gesellschafterin:<br \/>biolitec Holding GmbH<br \/>&#8211; Gesch\u00e4ftsf\u00fchrer: Dr. Wolfgang Neuberger (alleinvertretungsberechtigt)<\/p>\n<p><strong>Registergericht<\/strong><br \/>Handelsgericht Wien<\/p>\n<p><strong>Registernummer<\/strong><br \/>FN 617729 a<\/p>\n<p><strong>Umsatzsteuer-Identifikationsnummer<\/strong><br \/>ATU80247145<\/p>\n<p>[\/et_pb_text][et_pb_code _builder_version=&#8220;4.27.5&#8243; _module_preset=&#8220;default&#8220; global_colors_info=&#8220;{}&#8220;]<\/p>\n<style><!-- [et_pb_line_break_holder] --><!-- [et_pb_line_break_holder] -->  a {<!-- [et_pb_line_break_holder] -->    color:black !important;<!-- [et_pb_line_break_holder] -->    text-decoration: underline !important;<!-- [et_pb_line_break_holder] -->  }<!-- [et_pb_line_break_holder] --><!-- [et_pb_line_break_holder] --><\/style>\n<p>[\/et_pb_code][\/et_pb_column][\/et_pb_row][\/et_pb_section][et_pb_section fb_built=&#8220;1&#8243; custom_padding_last_edited=&#8220;on|phone&#8220; _builder_version=&#8220;4.27.5&#8243; _module_preset=&#8220;default&#8220; background_color=&#8220;#000000&#8243; custom_padding=&#8220;100px||150px||false|false&#8220; custom_padding_tablet=&#8220;100px||150px||false|false&#8220; custom_padding_phone=&#8220;50px||50px||false|false&#8220; locked=&#8220;off&#8220; global_colors_info=&#8220;{}&#8220;][et_pb_row column_structure=&#8220;1_4,1_4,1_4,1_4&#8243; _builder_version=&#8220;4.27.5&#8243; _module_preset=&#8220;default&#8220; custom_padding=&#8220;0px||0px||false|false&#8220; global_colors_info=&#8220;{}&#8220;][et_pb_column type=&#8220;1_4&#8243; admin_label=&#8220;Spalte&#8220; _builder_version=&#8220;4.27.5&#8243; _module_preset=&#8220;default&#8220; global_colors_info=&#8220;{}&#8220;][et_pb_image src=&#8220;https:\/\/p-bufhaa.project.space\/wp-content\/uploads\/2025\/12\/biolitec-logo-white.png&#8220; title_text=&#8220;biolitec-logo-white&#8220; _builder_version=&#8220;4.27.5&#8243; _module_preset=&#8220;default&#8220; global_colors_info=&#8220;{}&#8220;][\/et_pb_image][et_pb_text _builder_version=&#8220;4.27.5&#8243; _module_preset=&#8220;default&#8220; text_font=&#8220;Montserrat||||||||&#8220; text_text_color=&#8220;#FFFFFF&#8220; text_font_size=&#8220;22px&#8220; text_line_height=&#8220;32px&#8220; link_font=&#8220;Montserrat|700|||on||||&#8220; link_text_color=&#8220;#FFFFFF&#8220; link_line_height=&#8220;22px&#8220; text_font_size_tablet=&#8220;28px&#8220; text_font_size_phone=&#8220;24px&#8220; text_font_size_last_edited=&#8220;on|phone&#8220; text_line_height_tablet=&#8220;38px&#8220; text_line_height_phone=&#8220;34px&#8220; text_line_height_last_edited=&#8220;on|phone&#8220; link_font_size_tablet=&#8220;&#8220; link_font_size_phone=&#8220;16px&#8220; link_font_size_last_edited=&#8220;on|phone&#8220; global_colors_info=&#8220;{}&#8220;]<\/p>\n<p>F\u00fcr weitere Informationen<br \/>k\u00f6nnen Sie uns gerne kontaktieren<br \/><a href=\"mailto:info@biolitec.com\">info@biolitec.com<\/a><\/p>\n<p>[\/et_pb_text][et_pb_image src=&#8220;https:\/\/p-bufhaa.project.space\/wp-content\/uploads\/2025\/12\/Button-Linkedin.png&#8220; title_text=&#8220;Button Linkedin&#8220; disabled_on=&#8220;off|off|on&#8220; _builder_version=&#8220;4.27.5&#8243; _module_preset=&#8220;default&#8220; global_colors_info=&#8220;{}&#8220;][\/et_pb_image][\/et_pb_column][et_pb_column type=&#8220;1_4&#8243; disabled_on=&#8220;on|on|off&#8220; _builder_version=&#8220;4.27.5&#8243; _module_preset=&#8220;default&#8220; global_colors_info=&#8220;{}&#8220;][et_pb_text _builder_version=&#8220;4.27.5&#8243; _module_preset=&#8220;default&#8220; text_font=&#8220;Montserrat||||||||&#8220; text_text_color=&#8220;#FFFFFF&#8220; text_font_size=&#8220;18px&#8220; text_line_height=&#8220;28px&#8220; link_text_color=&#8220;#FFFFFF&#8220; custom_margin=&#8220;|-43px|||false|false&#8220; text_font_size_tablet=&#8220;18px&#8220; text_font_size_phone=&#8220;16px&#8220; text_font_size_last_edited=&#8220;on|phone&#8220; text_line_height_tablet=&#8220;28px&#8220; text_line_height_phone=&#8220;22px&#8220; text_line_height_last_edited=&#8220;on|phone&#8220; global_colors_info=&#8220;{}&#8220;]<\/p>\n<p><strong><span style=\"text-decoration: underline;\">biolitec group<\/span><\/strong><br \/><span style=\"text-decoration: underline;\"><a href=\"https:\/\/www.biolitec.de\/start.html\">biolitec biomedical technology GmbH<\/a><br \/><a href=\"ceramoptec.com\/home.html\">CeramOptec GmbH<\/a><br \/><a href=\"https:\/\/www.biolitecpharma.com\/biolitec-pharma\">biolitec Pharma Ltd.<\/a><br \/><a href=\"https:\/\/beyond-red.de\/en\/\">beyondRED\u00ae<\/a><br \/><a href=\"https:\/\/www.ducest.com\/wordpress2020\/\">Ducest Medical GmbH<\/a><br \/><a href=\"https:\/\/ampliconyx.com\/\">Ampliconyx Oy<\/a><\/span><\/p>\n<p><span style=\"text-decoration: underline;\"><\/span><span style=\"text-decoration: underline;\"><\/span><\/p>\n<p>[\/et_pb_text][\/et_pb_column][et_pb_column type=&#8220;1_4&#8243; _builder_version=&#8220;4.27.5&#8243; _module_preset=&#8220;default&#8220; global_colors_info=&#8220;{}&#8220;][et_pb_text admin_label=&#8220;Text&#8220; _builder_version=&#8220;4.27.5&#8243; _module_preset=&#8220;default&#8220; text_font=&#8220;Montserrat|700|||||||&#8220; text_text_color=&#8220;#FFFFFF&#8220; text_font_size=&#8220;18px&#8220; text_line_height=&#8220;28px&#8220; link_font=&#8220;||||on||||&#8220; link_text_color=&#8220;#FFFFFF&#8220; text_font_size_tablet=&#8220;18px&#8220; text_font_size_phone=&#8220;16px&#8220; text_font_size_last_edited=&#8220;on|phone&#8220; text_line_height_tablet=&#8220;28px&#8220; text_line_height_phone=&#8220;22px&#8220; text_line_height_last_edited=&#8220;on|phone&#8220; global_colors_info=&#8220;{}&#8220;]<\/p>\n<p><a href=\"\/solutions\">L\u00f6sungen<\/a><br \/><a href=\"https:\/\/p-bufhaa.project.space\/karriere\">Karriere<\/a><br \/><a href=\"https:\/\/p-bufhaa.project.space\/kontakt\">Kontakt<\/a><\/p>\n<p><a href=\"https:\/\/p-bufhaa.project.space\/imprint\/\">Impressum<\/a><br \/><a href=\"https:\/\/p-bufhaa.project.space\/privacy-policy\/\">Datenschutz<\/a><br \/><a href=\"\/solutions\"><\/a><\/p>\n<p>[\/et_pb_text][\/et_pb_column][et_pb_column type=&#8220;1_4&#8243; disabled_on=&#8220;on|on|off&#8220; _builder_version=&#8220;4.27.5&#8243; _module_preset=&#8220;default&#8220; global_colors_info=&#8220;{}&#8220;][et_pb_image src=&#8220;https:\/\/p-bufhaa.project.space\/wp-content\/uploads\/2025\/12\/Button-Linkedin.png&#8220; title_text=&#8220;Button Linkedin&#8220; url=&#8220;https:\/\/www.linkedin.com\/company\/biolitec\/&#8220; url_new_window=&#8220;on&#8220; _builder_version=&#8220;4.27.5&#8243; _module_preset=&#8220;default&#8220; locked=&#8220;off&#8220; global_colors_info=&#8220;{}&#8220;][\/et_pb_image][\/et_pb_column][\/et_pb_row][\/et_pb_section]<\/p>\n","protected":false},"excerpt":{"rendered":"<p>Impressumbiolitec\u00ae Holding GmbH &amp; Co KGUntere Viaduktgasse 6\/9A-1030 WienTel.: +43 (1) 3619 909 50Fax: +43 (1) 3619 909 99E-Mail:\u00a0info[at]biolitec.deInternet:\u00a0www.biolitec.com VertretungsberechtigtPers\u00f6nlich haftende Gesellschafterin:biolitec Holding GmbH- Gesch\u00e4ftsf\u00fchrer: Dr. Wolfgang Neuberger (alleinvertretungsberechtigt) RegistergerichtHandelsgericht Wien RegisternummerFN 617729 a Umsatzsteuer-IdentifikationsnummerATU80247145F\u00fcr weitere Informationenk\u00f6nnen Sie uns gerne kontaktiereninfo@biolitec.combiolitec groupbiolitec biomedical technology GmbHCeramOptec GmbHbiolitec Pharma Ltd.beyondRED\u00aeDucest Medical GmbHAmpliconyx Oy L\u00f6sungenKarriereKontakt ImpressumDatenschutz<\/p>\n","protected":false},"author":1,"featured_media":0,"parent":0,"menu_order":0,"comment_status":"closed","ping_status":"closed","template":"","meta":{"_et_pb_use_builder":"on","_et_pb_old_content":"","_et_gb_content_width":"","footnotes":""},"class_list":["post-1034","page","type-page","status-publish","hentry"],"yoast_head":"<!-- This site is optimized with the Yoast SEO plugin v27.5 - https:\/\/yoast.com\/product\/yoast-seo-wordpress\/ -->\n<title>Impressum - BIOLITECT GROUP DEV<\/title>\n<meta name=\"robots\" content=\"index, follow, max-snippet:-1, max-image-preview:large, max-video-preview:-1\" \/>\n<link rel=\"canonical\" href=\"https:\/\/www.biolitecgroup.com\/de\/impressum\/\" \/>\n<meta property=\"og:locale\" content=\"de_DE\" \/>\n<meta property=\"og:type\" content=\"article\" \/>\n<meta property=\"og:title\" content=\"Impressum - BIOLITECT GROUP DEV\" \/>\n<meta property=\"og:description\" content=\"Impressumbiolitec\u00ae Holding GmbH &amp; Co KGUntere Viaduktgasse 6\/9A-1030 WienTel.: +43 (1) 3619 909 50Fax: +43 (1) 3619 909 99E-Mail:\u00a0info[at]biolitec.deInternet:\u00a0www.biolitec.com VertretungsberechtigtPers\u00f6nlich haftende Gesellschafterin:biolitec Holding GmbH- Gesch\u00e4ftsf\u00fchrer: Dr. Wolfgang Neuberger (alleinvertretungsberechtigt) RegistergerichtHandelsgericht Wien RegisternummerFN 617729 a Umsatzsteuer-IdentifikationsnummerATU80247145F\u00fcr weitere Informationenk\u00f6nnen Sie uns gerne kontaktiereninfo@biolitec.combiolitec groupbiolitec biomedical technology GmbHCeramOptec GmbHbiolitec Pharma Ltd.beyondRED\u00aeDucest Medical GmbHAmpliconyx Oy L\u00f6sungenKarriereKontakt ImpressumDatenschutz\" \/>\n<meta property=\"og:url\" content=\"https:\/\/www.biolitecgroup.com\/de\/impressum\/\" \/>\n<meta property=\"og:site_name\" content=\"BIOLITECT GROUP DEV\" \/>\n<meta property=\"article:modified_time\" content=\"2026-04-20T12:16:46+00:00\" \/>\n<meta name=\"twitter:card\" content=\"summary_large_image\" \/>\n<meta name=\"twitter:label1\" content=\"Gesch\u00e4tzte Lesezeit\" \/>\n\t<meta name=\"twitter:data1\" content=\"4\u00a0Minuten\" \/>\n<script type=\"application\/ld+json\" class=\"yoast-schema-graph\">{\"@context\":\"https:\\\/\\\/schema.org\",\"@graph\":[{\"@type\":\"WebPage\",\"@id\":\"https:\\\/\\\/www.biolitecgroup.com\\\/de\\\/impressum\\\/\",\"url\":\"https:\\\/\\\/www.biolitecgroup.com\\\/de\\\/impressum\\\/\",\"name\":\"Impressum - BIOLITECT GROUP DEV\",\"isPartOf\":{\"@id\":\"https:\\\/\\\/www.biolitecgroup.com\\\/de\\\/#website\"},\"datePublished\":\"2026-03-27T08:50:22+00:00\",\"dateModified\":\"2026-04-20T12:16:46+00:00\",\"breadcrumb\":{\"@id\":\"https:\\\/\\\/www.biolitecgroup.com\\\/de\\\/impressum\\\/#breadcrumb\"},\"inLanguage\":\"de\",\"potentialAction\":[{\"@type\":\"ReadAction\",\"target\":[\"https:\\\/\\\/www.biolitecgroup.com\\\/de\\\/impressum\\\/\"]}]},{\"@type\":\"BreadcrumbList\",\"@id\":\"https:\\\/\\\/www.biolitecgroup.com\\\/de\\\/impressum\\\/#breadcrumb\",\"itemListElement\":[{\"@type\":\"ListItem\",\"position\":1,\"name\":\"Start\",\"item\":\"https:\\\/\\\/www.biolitecgroup.com\\\/de\\\/\"},{\"@type\":\"ListItem\",\"position\":2,\"name\":\"Impressum\"}]},{\"@type\":\"WebSite\",\"@id\":\"https:\\\/\\\/www.biolitecgroup.com\\\/de\\\/#website\",\"url\":\"https:\\\/\\\/www.biolitecgroup.com\\\/de\\\/\",\"name\":\"BIOLITECT GROUP DEV\",\"description\":\"\",\"potentialAction\":[{\"@type\":\"SearchAction\",\"target\":{\"@type\":\"EntryPoint\",\"urlTemplate\":\"https:\\\/\\\/www.biolitecgroup.com\\\/de\\\/?s={search_term_string}\"},\"query-input\":{\"@type\":\"PropertyValueSpecification\",\"valueRequired\":true,\"valueName\":\"search_term_string\"}}],\"inLanguage\":\"de\"}]}<\/script>\n<!-- \/ Yoast SEO plugin. -->","yoast_head_json":{"title":"Impressum - BIOLITECT GROUP DEV","robots":{"index":"index","follow":"follow","max-snippet":"max-snippet:-1","max-image-preview":"max-image-preview:large","max-video-preview":"max-video-preview:-1"},"canonical":"https:\/\/www.biolitecgroup.com\/de\/impressum\/","og_locale":"de_DE","og_type":"article","og_title":"Impressum - BIOLITECT GROUP DEV","og_description":"Impressumbiolitec\u00ae Holding GmbH &amp; Co KGUntere Viaduktgasse 6\/9A-1030 WienTel.: +43 (1) 3619 909 50Fax: +43 (1) 3619 909 99E-Mail:\u00a0info[at]biolitec.deInternet:\u00a0www.biolitec.com VertretungsberechtigtPers\u00f6nlich haftende Gesellschafterin:biolitec Holding GmbH- Gesch\u00e4ftsf\u00fchrer: Dr. Wolfgang Neuberger (alleinvertretungsberechtigt) RegistergerichtHandelsgericht Wien RegisternummerFN 617729 a Umsatzsteuer-IdentifikationsnummerATU80247145F\u00fcr weitere Informationenk\u00f6nnen Sie uns gerne kontaktiereninfo@biolitec.combiolitec groupbiolitec biomedical technology GmbHCeramOptec GmbHbiolitec Pharma Ltd.beyondRED\u00aeDucest Medical GmbHAmpliconyx Oy L\u00f6sungenKarriereKontakt ImpressumDatenschutz","og_url":"https:\/\/www.biolitecgroup.com\/de\/impressum\/","og_site_name":"BIOLITECT GROUP DEV","article_modified_time":"2026-04-20T12:16:46+00:00","twitter_card":"summary_large_image","twitter_misc":{"Gesch\u00e4tzte Lesezeit":"4\u00a0Minuten"},"schema":{"@context":"https:\/\/schema.org","@graph":[{"@type":"WebPage","@id":"https:\/\/www.biolitecgroup.com\/de\/impressum\/","url":"https:\/\/www.biolitecgroup.com\/de\/impressum\/","name":"Impressum - BIOLITECT GROUP DEV","isPartOf":{"@id":"https:\/\/www.biolitecgroup.com\/de\/#website"},"datePublished":"2026-03-27T08:50:22+00:00","dateModified":"2026-04-20T12:16:46+00:00","breadcrumb":{"@id":"https:\/\/www.biolitecgroup.com\/de\/impressum\/#breadcrumb"},"inLanguage":"de","potentialAction":[{"@type":"ReadAction","target":["https:\/\/www.biolitecgroup.com\/de\/impressum\/"]}]},{"@type":"BreadcrumbList","@id":"https:\/\/www.biolitecgroup.com\/de\/impressum\/#breadcrumb","itemListElement":[{"@type":"ListItem","position":1,"name":"Start","item":"https:\/\/www.biolitecgroup.com\/de\/"},{"@type":"ListItem","position":2,"name":"Impressum"}]},{"@type":"WebSite","@id":"https:\/\/www.biolitecgroup.com\/de\/#website","url":"https:\/\/www.biolitecgroup.com\/de\/","name":"BIOLITECT GROUP DEV","description":"","potentialAction":[{"@type":"SearchAction","target":{"@type":"EntryPoint","urlTemplate":"https:\/\/www.biolitecgroup.com\/de\/?s={search_term_string}"},"query-input":{"@type":"PropertyValueSpecification","valueRequired":true,"valueName":"search_term_string"}}],"inLanguage":"de"}]}},"_links":{"self":[{"href":"https:\/\/www.biolitecgroup.com\/de\/wp-json\/wp\/v2\/pages\/1034","targetHints":{"allow":["GET"]}}],"collection":[{"href":"https:\/\/www.biolitecgroup.com\/de\/wp-json\/wp\/v2\/pages"}],"about":[{"href":"https:\/\/www.biolitecgroup.com\/de\/wp-json\/wp\/v2\/types\/page"}],"author":[{"embeddable":true,"href":"https:\/\/www.biolitecgroup.com\/de\/wp-json\/wp\/v2\/users\/1"}],"replies":[{"embeddable":true,"href":"https:\/\/www.biolitecgroup.com\/de\/wp-json\/wp\/v2\/comments?post=1034"}],"version-history":[{"count":6,"href":"https:\/\/www.biolitecgroup.com\/de\/wp-json\/wp\/v2\/pages\/1034\/revisions"}],"predecessor-version":[{"id":1269,"href":"https:\/\/www.biolitecgroup.com\/de\/wp-json\/wp\/v2\/pages\/1034\/revisions\/1269"}],"wp:attachment":[{"href":"https:\/\/www.biolitecgroup.com\/de\/wp-json\/wp\/v2\/media?parent=1034"}],"curies":[{"name":"wp","href":"https:\/\/api.w.org\/{rel}","templated":true}]}}